{"id":865,"date":"2014-11-13T09:57:59","date_gmt":"2014-11-13T08:57:59","guid":{"rendered":"http:\/\/aragonbilingue.educa.aragon.es\/ingles\/?page_id=865"},"modified":"2016-06-28T16:19:55","modified_gmt":"2016-06-28T15:19:55","slug":"pole-en-construccion","status":"publish","type":"page","link":"https:\/\/aragonbilingue.catedu.es\/ingles\/pole-en-construccion\/","title":{"rendered":"POLE"},"content":{"rendered":"<p style=\"text-align: center;\">Para impulsar el proyecto y poder dar una mayor publicidad a las buenas pr\u00e1cticas que est\u00e1is llevando a cabo en los centros, animamos a los coordinadores\/as de los proyectos POLE a colgar las experiencias en la p\u00e1gina web \/ blog de sus centros y despu\u00e9s enviar <b>un enlace<\/b> para incluirlo en la p\u00e1gina de aragonbiling\u00fce.<\/p>\n<p style=\"text-align: justify;\">Os animamos a visitar las p\u00e1ginas web o blogs de <span style=\"text-decoration: underline;\">otros<\/span> centros que est\u00e1n desarrollando un proyecto POLE y tambi\u00e9n las de los centros biling\u00fces de Arag\u00f3n. De esta manera, obtendr\u00e9is informaci\u00f3n de los proyectos, trabajos, experiencias, etc, que est\u00e1n realizando otros centros de la comunidad.<\/p>\n<p style=\"text-align: justify;\">Estamos seguros que descubrir lo que est\u00e1n haciendo otros centros en el \u00e1mbito de las lenguas extranjeras servir\u00e1 de inspiraci\u00f3n para los profesores\/as del proyecto y para el resto de los miembros de la comunidad educativa del centro.<\/p>\n<p style=\"text-align: justify;\">Si alg\u00fan centro quisiera compartir sus experiencias con los dem\u00e1s centros, tambi\u00e9n existe la posibilidad de subir contenidos a esta p\u00e1gina.\u00a0Como orientaci\u00f3n para subir contenidos es imprescindible que tengan en cuenta las instrucciones publicadas en la propia p\u00e1gina. Si est\u00e1is interesados en colaborar con este proyecto y subir materiales a esta plataforma,\u00a0deber\u00e9is mandar un correo para que os proporcionemos una contrase\u00f1a y pod\u00e1is acceder como autor. Alternativamente, pod\u00e9is enviar la experiencia\u00a0 que\u00a0 quer\u00e9is compartir (siempre en formato digital) a<\/p>\n<h5 style=\"text-align: center;\"><b><span style=\"font-family: 'Century Gothic';\"><a href=\"mailto:lenguas@aragon.es\" target=\"_blank\">lenguas@aragon.es<\/a><\/span><\/b><\/h5>\n<p>Os animamos a participar y colaborar con el prop\u00f3sito com\u00fan de conseguir una mejora en la ense\u00f1anza y aprendizaje de lenguas extranjeras en los centros escolares de nuestra comunidad.<\/p>\n<p align=\"right\">\n","protected":false},"excerpt":{"rendered":"<p>Para impulsar el proyecto y poder dar una mayor publicidad a las buenas pr\u00e1cticas que est\u00e1is llevando a cabo en los centros, animamos a los coordinadores\/as de los proyectos POLE a colgar las experiencias en la p\u00e1gina web \/ blog de sus centros y despu\u00e9s enviar un enlace para incluirlo<a href=\"https:\/\/aragonbilingue.catedu.es\/ingles\/pole-en-construccion\/\" class=\"read-more\">Read the Rest&#8230;<\/a><\/p>\n","protected":false},"author":1,"featured_media":0,"parent":0,"menu_order":0,"comment_status":"open","ping_status":"closed","template":"","meta":{"_monsterinsights_skip_tracking":false,"_monsterinsights_sitenote_active":false,"_monsterinsights_sitenote_note":"","_monsterinsights_sitenote_category":0,"footnotes":""},"class_list":["post-865","page","type-page","status-publish","hentry"],"_links":{"self":[{"href":"https:\/\/aragonbilingue.catedu.es\/ingles\/wp-json\/wp\/v2\/pages\/865","targetHints":{"allow":["GET"]}}],"collection":[{"href":"https:\/\/aragonbilingue.catedu.es\/ingles\/wp-json\/wp\/v2\/pages"}],"about":[{"href":"https:\/\/aragonbilingue.catedu.es\/ingles\/wp-json\/wp\/v2\/types\/page"}],"author":[{"embeddable":true,"href":"https:\/\/aragonbilingue.catedu.es\/ingles\/wp-json\/wp\/v2\/users\/1"}],"replies":[{"embeddable":true,"href":"https:\/\/aragonbilingue.catedu.es\/ingles\/wp-json\/wp\/v2\/comments?post=865"}],"version-history":[{"count":4,"href":"https:\/\/aragonbilingue.catedu.es\/ingles\/wp-json\/wp\/v2\/pages\/865\/revisions"}],"predecessor-version":[{"id":1601,"href":"https:\/\/aragonbilingue.catedu.es\/ingles\/wp-json\/wp\/v2\/pages\/865\/revisions\/1601"}],"wp:attachment":[{"href":"https:\/\/aragonbilingue.catedu.es\/ingles\/wp-json\/wp\/v2\/media?parent=865"}],"curies":[{"name":"wp","href":"https:\/\/api.w.org\/{rel}","templated":true}]}}