{"id":1572,"date":"2016-06-02T09:04:20","date_gmt":"2016-06-02T08:04:20","guid":{"rendered":"http:\/\/aragonbilingue.catedu.es\/ingles\/?page_id=1572"},"modified":"2016-06-02T09:05:40","modified_gmt":"2016-06-02T08:05:40","slug":"documentacion","status":"publish","type":"page","link":"https:\/\/aragonbilingue.catedu.es\/ingles\/documentacion\/","title":{"rendered":"documentaci\u00f3n"},"content":{"rendered":"<p>En los siguientes enlaces, encontrar\u00e1n los modelos para los certificados para\u00a0los centros que cumplen los requisitos de tener alumnado que finaliza la etapa en un programa de biling\u00fcismo.<\/p>\n<p><a href=\"http:\/\/aragonbilingue.catedu.es\/wp-content\/uploads\/2016\/06\/Modelo-certificado-PIBLEA-BACHILLERATO.doc\">Modelo certificado PIBLEA BACHILLERATO<\/a><\/p>\n<p><a href=\"http:\/\/aragonbilingue.catedu.es\/wp-content\/uploads\/2016\/06\/Modelo-certificado-PIBLEA-CICLO-FORMATIVO.doc\">Modelo certificado PIBLEA CICLO FORMATIVO<\/a><\/p>\n<p><a href=\"http:\/\/aragonbilingue.catedu.es\/wp-content\/uploads\/2016\/06\/Modelo-certificado-PIBLEA-PRIMARIA.doc\">Modelo certificado PIBLEA PRIMARIA<\/a><\/p>\n<p><a href=\"http:\/\/aragonbilingue.catedu.es\/wp-content\/uploads\/2016\/06\/Modelo-certificado-PIBLEA-SECUNDARIA.doc\">Modelo certificado PIBLEA SECUNDARIA<\/a><\/p>\n<hr \/>\n<p><img loading=\"lazy\" decoding=\"async\" class=\"aligncenter\" src=\"https:\/\/sede.educacion.gob.es\/publiventa\/img\/escudo-ministerio.gif\" alt=\"Ministerio de Educaci\u00f3n, Cultura y Deporte - Gobierno de Espa\u00f1a\" width=\"637\" height=\"93\" \/><\/p>\n<hr \/>\n<hr \/>\n<p style=\"text-align: center;\">Here is a direct <span style=\"color: #ff0000;\"><a style=\"color: #ff0000;\" href=\"http:\/\/aragonbilingue.catedu.es\/ingles\/wp-content\/uploads\/sites\/2\/2016\/04\/Spanish-English-primary-integrated-curriculum.-Language-and-Literacy.pdf\" target=\"_blank\" rel=\"\">link<\/a>\u00a0<\/span>to the recently published pdf \u00ab<a href=\"http:\/\/aragonbilingue.catedu.es\/ingles\/wp-content\/uploads\/sites\/2\/2016\/04\/Spanish-English-primary-integrated-curriculum.-Language-and-Literacy.pdf\" rel=\"\">Spanish English primary integrated curriculum. Language and Literacy<\/a>\u00ab<\/p>\n<hr \/>\n<hr \/>\n<p style=\"text-align: center;\">Here are the infants and secondary curriculum documents:<\/p>\n<hr \/>\n<p style=\"text-align: center;\">Infants<\/p>\n<blockquote>\n<p style=\"text-align: center;\"><span style=\"color: #ff0000;\">&gt;&gt;&gt;<a style=\"color: #ff0000;\" href=\"http:\/\/www.educaragon.org\/Files\/Files\/UserFiles\/File\/Programas%20exterior\/curriculo%20integrado%20infantil.pdf\" target=\"_blank\">Curr\u00edculo integrado hispano-brit\u00e1nico para educaci\u00f3n infantil y orientaciones para su desarrollo<\/a>&lt;&lt;&lt;&lt;<\/span><\/p>\n<hr \/>\n<p style=\"text-align: center;\">\n<\/blockquote>\n<p style=\"text-align: center;\">Secondary<\/p>\n<p style=\"text-align: center;\">&gt;&gt;&gt;&gt;<a style=\"color: #ff0000;\" href=\"http:\/\/www.educaragon.org\/Files\/Files\/UserFiles\/File\/Programas%20exterior\/curriculo%20integrado%20secundaria.pdf\">Integrated Curriculum for Secondary Education English &#8211; Years 1 and 2<\/a>&lt;&lt;&lt;&lt;<\/p>\n<hr \/>\n<p style=\"text-align: center;\"><span style=\"color: #000000;\">CLIL subjects<\/span><\/p>\n<blockquote>\n<p style=\"text-align: center;\">&gt;&gt;&gt;<a style=\"color: #ff0000;\" href=\"http:\/\/www.educaragon.org\/FILES\/Ciencias%20Naturales%201%C2%BA%20y%202%C2%BA%20ESO.pdf\">Integrated Curriculum for Secondary Education Natural Science, Years 1 and 2<\/a>&lt;&lt;&lt;&lt;<\/p>\n<p style=\"text-align: center;\">&gt;&gt;&gt;<a style=\"color: #ff0000;\" href=\"http:\/\/www.educaragon.org\/FILES\/Ciencias%20Sociales%201%C2%BA%20y%202%C2%BA%20ESO.pdf\">Integrated Curriculum for Secondary Education. Social Sciences, Years 1 and 2<\/a>&lt;&lt;&lt;&lt;<\/p>\n<\/blockquote>\n<p style=\"text-align: center;\">&gt;&gt;&gt;&gt;<a style=\"color: #ff0000;\" href=\"http:\/\/www.educaragon.org\/files\/PrimaryCurriculumPartB.doc\">Pedagogical Guidelines Primary: Science, Geography, History<\/a>&lt;&lt;&lt;&lt;<\/p>\n","protected":false},"excerpt":{"rendered":"<p>En los siguientes enlaces, encontrar\u00e1n los modelos para los certificados para\u00a0los centros que cumplen los requisitos de tener alumnado que finaliza la etapa en un programa de biling\u00fcismo. Modelo certificado PIBLEA BACHILLERATO Modelo certificado PIBLEA CICLO FORMATIVO Modelo certificado PIBLEA PRIMARIA Modelo certificado PIBLEA SECUNDARIA Here is a direct link\u00a0to<a href=\"https:\/\/aragonbilingue.catedu.es\/ingles\/documentacion\/\" class=\"read-more\">Read the Rest&#8230;<\/a><\/p>\n","protected":false},"author":1,"featured_media":0,"parent":0,"menu_order":0,"comment_status":"closed","ping_status":"closed","template":"","meta":{"_monsterinsights_skip_tracking":false,"_monsterinsights_sitenote_active":false,"_monsterinsights_sitenote_note":"","_monsterinsights_sitenote_category":0,"footnotes":""},"class_list":["post-1572","page","type-page","status-publish","hentry"],"_links":{"self":[{"href":"https:\/\/aragonbilingue.catedu.es\/ingles\/wp-json\/wp\/v2\/pages\/1572","targetHints":{"allow":["GET"]}}],"collection":[{"href":"https:\/\/aragonbilingue.catedu.es\/ingles\/wp-json\/wp\/v2\/pages"}],"about":[{"href":"https:\/\/aragonbilingue.catedu.es\/ingles\/wp-json\/wp\/v2\/types\/page"}],"author":[{"embeddable":true,"href":"https:\/\/aragonbilingue.catedu.es\/ingles\/wp-json\/wp\/v2\/users\/1"}],"replies":[{"embeddable":true,"href":"https:\/\/aragonbilingue.catedu.es\/ingles\/wp-json\/wp\/v2\/comments?post=1572"}],"version-history":[{"count":2,"href":"https:\/\/aragonbilingue.catedu.es\/ingles\/wp-json\/wp\/v2\/pages\/1572\/revisions"}],"predecessor-version":[{"id":1574,"href":"https:\/\/aragonbilingue.catedu.es\/ingles\/wp-json\/wp\/v2\/pages\/1572\/revisions\/1574"}],"wp:attachment":[{"href":"https:\/\/aragonbilingue.catedu.es\/ingles\/wp-json\/wp\/v2\/media?parent=1572"}],"curies":[{"name":"wp","href":"https:\/\/api.w.org\/{rel}","templated":true}]}}