{"id":1303,"date":"2010-11-19T19:31:12","date_gmt":"2010-11-19T18:31:12","guid":{"rendered":"http:\/\/aragonbilingue.educa.aragon.es\/frances\/"},"modified":"2015-12-22T20:06:09","modified_gmt":"2015-12-22T19:06:09","slug":"blogs-de-profesores","status":"publish","type":"page","link":"https:\/\/aragonbilingue.catedu.es\/frances\/blogs-de-profesores\/","title":{"rendered":"NUESTROS BLOGS BILING\u00dcES"},"content":{"rendered":"<h3 style=\"text-align: center;\"><\/h3>\n<h3 style=\"text-align: center;\">Muy interesante para todos los idiomas &gt;&gt;&gt;&gt;&gt;&gt;&gt;&gt;&gt;&gt;&gt;&gt; \u00a0\u00a0<a href=\"https:\/\/natalialzam.wordpress.com\/\" target=\"_blank\"><img loading=\"lazy\" decoding=\"async\" class=\"alignnone wp-image-86\" src=\"http:\/\/aragonbilingue.catedu.es\/frances\/wp-content\/uploads\/sites\/3\/2013\/06\/profesor-234x300.jpg\" alt=\"Profesor\" width=\"51\" height=\"65\" srcset=\"https:\/\/aragonbilingue.catedu.es\/frances\/wp-content\/uploads\/sites\/3\/2013\/06\/profesor-234x300.jpg 234w, https:\/\/aragonbilingue.catedu.es\/frances\/wp-content\/uploads\/sites\/3\/2013\/06\/profesor.jpg 279w\" sizes=\"auto, (max-width: 51px) 100vw, 51px\" \/><\/a><\/h3>\n<h3 style=\"text-align: center;\">Comprobad estos enlaces a ver si corresponden a la p\u00e1gina web o blog que quer\u00e9is compartir. Si hay alguna anomal\u00eda, contacta con asesorle2@aragon.es<\/h3>\n<p>&nbsp;<\/p>\n<p><strong>INFANTIL Y <\/strong><strong>PRIMARIA<\/strong><\/p>\n<ul>\n<li><a href=\"http:\/\/trescuartosabc.blogspot.com\/\" target=\"_blank\">Blog <em>Tres cuartos de recursos <\/em> del CP San Braulio.<\/a><\/li>\n<li><a href=\"http:\/\/cpmiralbueno.blogspot.com\/search\/label\/Franc%C3%A9s\" target=\"_blank\">CEIP Miralbueno<\/a><\/li>\n<li><a href=\"http:\/\/lbriet.blogspot.com.es\/\" target=\"_blank\">Blog del CEIP Lucien Briet<\/a><\/li>\n<li><a href=\"http:\/\/infantil-lucienbriet.blogspot.com\/\" target=\"_blank\">La escuela, mi mundo: blog de infantil del CEIP Lucien Briet<\/a> (4 a\u00f1os)<\/li>\n<li><a href=\"http:\/\/bloggericos.blogspot.com\/\" target=\"_blank\">Jugando a aprender:\u00a0 blog de infantil del CEIP Lucien Briet (5 a\u00f1os)<\/a><\/li>\n<li><a href=\"https:\/\/sites.google.com\/site\/francesrioebro\/\" target=\"_blank\">Site del CEIP Rio Ebro para el intercambio de materiales de la secci\u00f3n biling\u00fce<\/a><\/li>\n<li><a href=\"http:\/\/ceipespartidero.blogspot.com\/\" target=\"_blank\">Blogs del CEIP Espartidero<\/a>: <a href=\"http:\/\/www.catedu.es\/arablogs\/blog.php?id_blog=1648\" target=\"_blank\">Coucou!<\/a><strong>, <\/strong><a href=\"http:\/\/www.catedu.es\/arablogs\/blog.php?id_blog=1694\" target=\"_blank\">Le petit chaperon rouge<\/a><strong>, <\/strong><a href=\"http:\/\/www.primerodeinfantil-a.blogspot.com\/\" target=\"_blank\">La clase de los ping\u00fcinos&#8230;<\/a><\/li>\n<li><a href=\"http:\/\/catedu.es\/arablogs\/blog.php?id_blog=1577&amp;id_categoria=9452\" target=\"_blank\">CEIP Puente Sard\u00e1s. El blog de cuarto<\/a><\/li>\n<li><a href=\"http:\/\/catedu.es\/arablogs\/blog.php?id_blog=1565\" target=\"_blank\">CEIP La estrella. Pluie d&#8217;\u00e9toiles<\/a><\/li>\n<li><a href=\"http:\/\/torreramonainfantil.blogspot.com\/\" target=\"_blank\">CEIP Torre Ramona. Blog de infantil<\/a><\/li>\n<\/ul>\n<p><strong>SECUNDARIA<\/strong><\/p>\n<ul>\n<li><a href=\"http:\/\/histoiredespagne.wordpress.com\/\" target=\"_blank\">Blog de Historia de Espa\u00f1a. IES. Huesca<\/a><\/li>\n<li><a href=\"http:\/\/www.nachosciences.blogspot.com\/\" target=\"_blank\">Blog de Ciencias del IES Pablo Serrano<\/a><\/li>\n<li><a href=\"http:\/\/isabelblasco.wordpress.com\/\" target=\"_blank\">Blog de Filosof\u00eda. Isabel Blasco. IES Pilar Lorengar<\/a><\/li>\n<li><a href=\"http:\/\/iesmimoz.educa.aragon.es\/filosofia\/filo2.htm\" target=\"_blank\">P\u00e1gina del IES Miguel de Molinos con materiales para Historia de la Filosof\u00eda<\/a>.<\/li>\n<li><a href=\"http:\/\/tecno2plorengar.blogspot.com\/p\/web-20.html\" target=\"_blank\">Blog de Ana Fuertes. Tecnolog\u00eda<\/a>.<\/li>\n<li><a href=\"https:\/\/sites.google.com\/site\/castroiescorona\/Home\" target=\"_blank\">Aprender materm\u00e1ticas: p\u00e1gina de Pilar Castro, del I.E.S. Corona de Arag\u00f3n<\/a><\/li>\n<li><a href=\"http:\/\/leblogdemusique.blogspot.com.es\/\" target=\"_blank\">Blog de M\u00fasica de M\u00aaJos\u00e9 Calavera. IES Sierra de Guara, Huesca.<\/a><\/li>\n<\/ul>\n<p>&nbsp;<\/p>\n<p><strong>Listado general de centros PIBLEA, curso de inicio y web\/blog<\/strong><\/p>\n<p><b>CEIPS<\/b><\/p>\n<table border=\"1\" cellspacing=\"0\" cellpadding=\"0\">\n<tbody>\n<tr>\n<td valign=\"bottom\"><a href=\"http:\/\/cpainsa.educa.aragon.es\/tabla1.htm\">CEIP Asunci\u00f3n Pa\u00f1art<\/a><\/td>\n<td valign=\"bottom\">A\u00ednsa<\/td>\n<td valign=\"top\">2008\/2009<\/td>\n<\/tr>\n<tr>\n<td valign=\"bottom\"><a href=\"http:\/\/cpespzar.educa.aragon.es\/\">CEIP El Espartidero<\/a><\/td>\n<td valign=\"bottom\"><a href=\"http:\/\/cpespzar.educa.aragon.es\/\">Zaragoza<\/a><\/td>\n<td valign=\"top\">2006\/2007<\/td>\n<\/tr>\n<tr>\n<td valign=\"bottom\"><a href=\"http:\/\/cpjmmzar.educa.aragon.es\/\">CEIP Jos\u00e9 M\u00aa Mir<\/a><\/td>\n<td valign=\"bottom\"><a href=\"http:\/\/cpjmmzar.educa.aragon.es\/\">Zaragoza<\/a><\/td>\n<td valign=\"top\">2006\/2007<\/td>\n<\/tr>\n<tr>\n<td valign=\"bottom\"><a href=\"http:\/\/cpeipjulioverne.educa.aragon.es\/web\/index.php?modulo=home\">CEIP Julio Verne<\/a><\/td>\n<td valign=\"bottom\">Zaragoza<\/td>\n<td valign=\"top\">2011\/2012<\/td>\n<\/tr>\n<tr>\n<td valign=\"bottom\"><a href=\"http:\/\/www.colegiolaestrella.com\/\">CEIP La Estrella<\/a><\/td>\n<td valign=\"bottom\">Zaragoza<\/td>\n<td valign=\"top\">2006\/2007<\/td>\n<\/tr>\n<tr>\n<td valign=\"bottom\"><a href=\"http:\/\/colecanfranc.blogspot.com.es\/\">CEIP Los Ara\u00f1ones<\/a><\/td>\n<td valign=\"bottom\"><a href=\"http:\/\/colecanfranc.blogspot.com.es\/\">Canfranc<\/a><\/td>\n<td valign=\"top\">2009\/2010<\/td>\n<\/tr>\n<tr>\n<td valign=\"bottom\"><a href=\"http:\/\/catedu.es\/ceiplucienbriet\/\">CEIP Lucien Briet<\/a><\/td>\n<td valign=\"bottom\"><a href=\"http:\/\/catedu.es\/ceiplucienbriet\/\">Zaragoza<\/a><\/td>\n<td valign=\"top\">2007\/2008<\/td>\n<\/tr>\n<tr>\n<td valign=\"bottom\"><a href=\"http:\/\/ceipmariecurie.educa.aragon.es\/\">CEIP Marie Curie<\/a><\/td>\n<td valign=\"bottom\">Zaragoza<\/td>\n<td valign=\"top\">2009\/2010<\/td>\n<\/tr>\n<tr>\n<td valign=\"bottom\"><a href=\"http:\/\/www.colegiomiralbueno.es\/es\/\">CEIP Miralbueno<\/a><\/td>\n<td valign=\"bottom\">Zaragoza<\/td>\n<td valign=\"top\">2009\/2010<\/td>\n<\/tr>\n<tr>\n<td valign=\"bottom\"><a href=\"http:\/\/www.monteoroel.org\/\">CEIP Monte Oroel<\/a><\/td>\n<td valign=\"bottom\">Jaca<\/td>\n<td valign=\"top\">2006\/2007<\/td>\n<\/tr>\n<tr>\n<td valign=\"bottom\"><a href=\"http:\/\/pedroprimero.com\/\">CEIP Pedro I<\/a><\/td>\n<td valign=\"bottom\"><a href=\"http:\/\/pedroprimero.com\/\">Barbastro<\/a><\/td>\n<td valign=\"top\">2006\/2007<\/td>\n<\/tr>\n<tr>\n<td valign=\"bottom\"><a href=\"https:\/\/sites.google.com\/site\/colegiopierresvedel\/\" target=\"_blank\">CEIP Pierres Vedel<\/a><\/td>\n<td valign=\"bottom\">Teruel<\/td>\n<td valign=\"top\">2006\/2007<\/td>\n<\/tr>\n<tr>\n<td valign=\"bottom\"><a href=\"http:\/\/e-ducativa.catedu.es\/22010323\/sitio\/\">CEIP Pirineos-Pyren\u00e9es<\/a><\/td>\n<td valign=\"bottom\"><a href=\"http:\/\/e-ducativa.catedu.es\/22010323\/sitio\/\">Huesca<\/a><\/td>\n<td valign=\"top\">2006\/2007<\/td>\n<\/tr>\n<tr>\n<td valign=\"bottom\"><a href=\"http:\/\/www.catedu.es\/arablogs\/blog.php?id_blog=1649\">CEIP Pio XII<\/a><\/td>\n<td valign=\"bottom\"><a href=\"http:\/\/www.catedu.es\/arablogs\/blog.php?id_blog=1649\">Huesca<\/a><\/td>\n<td valign=\"top\">2007\/2008<\/td>\n<\/tr>\n<tr>\n<td valign=\"bottom\"><a href=\"http:\/\/colegiopuentesardas.org\/\">CEIP Puente Sardas<\/a><\/td>\n<td valign=\"bottom\"><a href=\"http:\/\/colegiopuentesardas.org\/\">Sabi\u00f1\u00e1nigo<\/a><\/td>\n<td valign=\"top\"><a href=\"http:\/\/colegiopuentesardas.org\/\">2006\/2007<\/a><\/td>\n<\/tr>\n<tr>\n<td valign=\"bottom\"><a href=\"http:\/\/cprebzar.educa.aragon.es\/\">CEIP R\u00edo Ebro<\/a><\/td>\n<td valign=\"bottom\"><a href=\"http:\/\/cprebzar.educa.aragon.es\/\">Zaragoza<\/a><\/td>\n<td valign=\"top\">2006\/2007<\/td>\n<\/tr>\n<tr>\n<td valign=\"bottom\"><a href=\"http:\/\/sanbraulio.blogspot.com.es\/\">CEIP San Braulio<\/a><\/td>\n<td valign=\"bottom\"><a href=\"http:\/\/sanbraulio.blogspot.com.es\/\">Zaragoza<\/a><\/td>\n<td valign=\"top\">2007\/2008<\/td>\n<\/tr>\n<tr>\n<td valign=\"bottom\"><a href=\"http:\/\/colegiotorreramona.blogspot.com.es\/\">CEIP Torre Ramona<\/a><\/td>\n<td valign=\"bottom\"><a href=\"http:\/\/colegiotorreramona.blogspot.com.es\/\">Zaragoza<\/a><\/td>\n<td valign=\"top\">2009\/2010<\/td>\n<\/tr>\n<tr>\n<td valign=\"bottom\"><a href=\"https:\/\/sites.google.com\/site\/cpvadorrey\/home\">CEIP Vadorrey- Les All\u00e9es<\/a><\/td>\n<td valign=\"bottom\"><a href=\"https:\/\/sites.google.com\/site\/cpvadorrey\/home\">Zaragoza<\/a><\/td>\n<td valign=\"top\">2010\/2011<\/td>\n<\/tr>\n<\/tbody>\n<\/table>\n<p><b>IES<\/b><\/p>\n<table border=\"1\" width=\"345\" cellspacing=\"0\" cellpadding=\"0\">\n<tbody>\n<tr>\n<td valign=\"bottom\" width=\"181\"><a href=\"http:\/\/www.iesbielloaragon.es\/\">IES Biello Arag\u00f3n<\/a><\/td>\n<td valign=\"bottom\" nowrap=\"nowrap\" width=\"82\"><a href=\"http:\/\/www.iesbielloaragon.es\/\">Sabi\u00f1\u00e1nigo<\/a><\/td>\n<td valign=\"top\" width=\"82\">1999\/2000<\/td>\n<\/tr>\n<tr>\n<td valign=\"bottom\" width=\"181\"><a href=\"http:\/\/e-ducativa.catedu.es\/50009129\/sitio\/\">IES Cinco Villas<\/a><\/td>\n<td valign=\"bottom\" nowrap=\"nowrap\" width=\"82\"><a href=\"http:\/\/e-ducativa.catedu.es\/50009129\/sitio\/\">Ejea<\/a><\/td>\n<td valign=\"top\" width=\"82\">2005\/2006<\/td>\n<\/tr>\n<tr>\n<td valign=\"bottom\" width=\"181\"><a href=\"http:\/\/www.iescorona.com\/\">IES Corona de Arag\u00f3n<\/a><\/td>\n<td valign=\"bottom\" nowrap=\"nowrap\" width=\"82\"><a href=\"http:\/\/www.iescorona.com\/\">Zaragoza<\/a><\/td>\n<td valign=\"top\" width=\"82\">2005\/2006<\/td>\n<\/tr>\n<tr>\n<td valign=\"bottom\" width=\"181\"><a href=\"http:\/\/ieselaza.educa.aragon.es\/\">IES Elaios<\/a><\/td>\n<td valign=\"bottom\" nowrap=\"nowrap\" width=\"82\"><a href=\"http:\/\/ieselaza.educa.aragon.es\/\">Zaragoza<\/a><\/td>\n<td valign=\"top\" width=\"82\">2014\/2015<\/td>\n<\/tr>\n<tr>\n<td valign=\"bottom\" width=\"181\"><a href=\"http:\/\/www.ieszurita.com\/\">IES Jer\u00f3nimo Zurita<\/a><\/td>\n<td valign=\"bottom\" nowrap=\"nowrap\" width=\"82\"><a href=\"http:\/\/www.ieszurita.com\/\">Zaragoza<\/a><\/td>\n<td valign=\"top\" width=\"82\">1999\/2000<\/td>\n<\/tr>\n<tr>\n<td valign=\"bottom\" width=\"181\"><a href=\"http:\/\/www.ieslucasmallada.com\/\">IES Lucas Mallada<\/a><\/td>\n<td valign=\"bottom\" nowrap=\"nowrap\" width=\"82\"><a href=\"http:\/\/www.ieslucasmallada.com\/\">Huesca<\/a><\/td>\n<td valign=\"top\" width=\"82\">2004\/2005<\/td>\n<\/tr>\n<tr>\n<td valign=\"bottom\" width=\"181\"><a href=\"http:\/\/www.iesmv.com\/\">IES Mart\u00ednez Vargas<\/a><\/td>\n<td valign=\"bottom\" nowrap=\"nowrap\" width=\"82\"><a href=\"http:\/\/www.iesmv.com\/\">Barbastro<\/a><\/td>\n<td valign=\"top\" width=\"82\">1999\/2000<\/td>\n<\/tr>\n<tr>\n<td valign=\"bottom\" width=\"181\"><a href=\"http:\/\/iesmimoz.educa.aragon.es\/\">IES Miguel de Molinos<\/a><\/td>\n<td valign=\"bottom\" nowrap=\"nowrap\" width=\"82\"><a href=\"http:\/\/iesmimoz.educa.aragon.es\/\">Zaragoza<\/a><\/td>\n<td valign=\"top\" width=\"82\">1999\/2000<\/td>\n<\/tr>\n<tr>\n<td valign=\"bottom\" width=\"181\"><a href=\"http:\/\/www.iesandorra.es\/\">IES Pablo Serrano<\/a><\/td>\n<td valign=\"bottom\" nowrap=\"nowrap\" width=\"82\"><a href=\"http:\/\/www.iesandorra.es\/\">Andorra<\/a><\/td>\n<td valign=\"top\" width=\"82\">2005\/2006<\/td>\n<\/tr>\n<tr>\n<td valign=\"bottom\" width=\"181\"><a href=\"http:\/\/www.iespabloserrano.es\/joomla\/\">IES Pablo Serrano<\/a><\/td>\n<td valign=\"bottom\" nowrap=\"nowrap\" width=\"82\"><a href=\"http:\/\/www.iespabloserrano.es\/joomla\/\">Zaragoza<\/a><\/td>\n<td valign=\"top\" width=\"82\">2005\/2006<\/td>\n<\/tr>\n<tr>\n<td valign=\"bottom\" width=\"181\"><a href=\"http:\/\/www.iespilarlorengar.es\/\">IES Pilar Lorengar<\/a><\/td>\n<td valign=\"bottom\" width=\"82\"><a href=\"http:\/\/www.iespilarlorengar.es\/\">Zaragoza<\/a><\/td>\n<td valign=\"top\" width=\"82\">1999\/2000<\/td>\n<\/tr>\n<tr>\n<td valign=\"bottom\" width=\"181\"><a href=\"http:\/\/iespijac.educa.aragon.es\/\">IES Pirineos<\/a><\/td>\n<td valign=\"bottom\" nowrap=\"nowrap\" width=\"82\"><a href=\"http:\/\/iespijac.educa.aragon.es\/\">Jaca<\/a><\/td>\n<td valign=\"top\" width=\"82\">1999\/2000<\/td>\n<\/tr>\n<tr>\n<td valign=\"bottom\" width=\"181\"><a href=\"http:\/\/www.iespignatelli.es\/\">IES Pignatelli<\/a><\/td>\n<td valign=\"bottom\" nowrap=\"nowrap\" width=\"82\"><a href=\"http:\/\/www.iespignatelli.es\/\">Zaragoza<\/a><\/td>\n<td valign=\"top\" width=\"82\">2010\/2011<\/td>\n<\/tr>\n<tr>\n<td valign=\"bottom\" width=\"181\"><a href=\"http:\/\/e-ducativa.catedu.es\/50001830\/sitio\/\">IES Reyes Cat\u00f3licos<\/a><\/td>\n<td valign=\"bottom\" nowrap=\"nowrap\" width=\"82\"><a href=\"http:\/\/e-ducativa.catedu.es\/50001830\/sitio\/\">Ejea<\/a><\/td>\n<td valign=\"top\" width=\"82\">2005\/2006<\/td>\n<\/tr>\n<tr>\n<td valign=\"bottom\" width=\"181\"><a href=\"http:\/\/www.riogallego.com\/html\/\">IES R\u00edo G\u00e1llego<\/a><\/td>\n<td valign=\"bottom\" nowrap=\"nowrap\" width=\"82\"><a href=\"http:\/\/www.riogallego.com\/html\/\">Zaragoza<\/a><\/td>\n<td valign=\"top\" width=\"82\">2005\/2006<\/td>\n<\/tr>\n<tr>\n<td valign=\"bottom\" width=\"181\"><a href=\"http:\/\/www.iessierradeguara.com\/site\/\">IES Sierra de Guara<\/a><\/td>\n<td valign=\"bottom\" nowrap=\"nowrap\" width=\"82\"><a href=\"http:\/\/www.iessierradeguara.com\/site\/\">Huesca<\/a><\/td>\n<td valign=\"top\" width=\"82\">1999\/2000<\/td>\n<\/tr>\n<tr>\n<td valign=\"bottom\" width=\"181\"><a href=\"http:\/\/iesainsa.educa.aragon.es\/wordpress\/\">IES Sobrarbe<\/a><\/td>\n<td valign=\"bottom\" nowrap=\"nowrap\" width=\"82\"><a href=\"http:\/\/iesainsa.educa.aragon.es\/wordpress\/\">A\u00ednsa<\/a><\/td>\n<td valign=\"top\" width=\"82\">2005\/2006<\/td>\n<\/tr>\n<tr>\n<td valign=\"bottom\" width=\"181\"><a href=\"http:\/\/www.iesvegadelturia.es\/\">IES Vega del Turia<\/a><\/td>\n<td valign=\"bottom\" nowrap=\"nowrap\" width=\"82\"><a href=\"http:\/\/www.iesvegadelturia.es\/\">Teruel<\/a><\/td>\n<td valign=\"top\" width=\"82\">1999\/2000<\/td>\n<\/tr>\n<\/tbody>\n<\/table>\n","protected":false},"excerpt":{"rendered":"<p>Muy interesante para todos los idiomas &gt;&gt;&gt;&gt;&gt;&gt;&gt;&gt;&gt;&gt;&gt;&gt; \u00a0\u00a0 Comprobad estos enlaces a ver si corresponden a la p\u00e1gina web o blog que quer\u00e9is compartir. Si hay alguna anomal\u00eda, contacta con asesorle2@aragon.es &nbsp; INFANTIL Y PRIMARIA Blog Tres cuartos de recursos del CP San Braulio. CEIP Miralbueno Blog del CEIP Lucien<a href=\"https:\/\/aragonbilingue.catedu.es\/frances\/blogs-de-profesores\/\" class=\"read-more\">Read the Rest&#8230;<\/a><\/p>\n","protected":false},"author":1,"featured_media":0,"parent":0,"menu_order":0,"comment_status":"open","ping_status":"closed","template":"","meta":{"_monsterinsights_skip_tracking":false,"_monsterinsights_sitenote_active":false,"_monsterinsights_sitenote_note":"","_monsterinsights_sitenote_category":0,"footnotes":""},"class_list":["post-1303","page","type-page","status-publish","hentry"],"_links":{"self":[{"href":"https:\/\/aragonbilingue.catedu.es\/frances\/wp-json\/wp\/v2\/pages\/1303","targetHints":{"allow":["GET"]}}],"collection":[{"href":"https:\/\/aragonbilingue.catedu.es\/frances\/wp-json\/wp\/v2\/pages"}],"about":[{"href":"https:\/\/aragonbilingue.catedu.es\/frances\/wp-json\/wp\/v2\/types\/page"}],"author":[{"embeddable":true,"href":"https:\/\/aragonbilingue.catedu.es\/frances\/wp-json\/wp\/v2\/users\/1"}],"replies":[{"embeddable":true,"href":"https:\/\/aragonbilingue.catedu.es\/frances\/wp-json\/wp\/v2\/comments?post=1303"}],"version-history":[{"count":4,"href":"https:\/\/aragonbilingue.catedu.es\/frances\/wp-json\/wp\/v2\/pages\/1303\/revisions"}],"predecessor-version":[{"id":4141,"href":"https:\/\/aragonbilingue.catedu.es\/frances\/wp-json\/wp\/v2\/pages\/1303\/revisions\/4141"}],"wp:attachment":[{"href":"https:\/\/aragonbilingue.catedu.es\/frances\/wp-json\/wp\/v2\/media?parent=1303"}],"curies":[{"name":"wp","href":"https:\/\/api.w.org\/{rel}","templated":true}]}}